{"id":49043,"date":"2022-03-07T06:35:41","date_gmt":"2022-03-07T06:35:41","guid":{"rendered":"https:\/\/ins-globalconsulting.com\/eventos-atividades\/"},"modified":"2023-04-20T16:48:58","modified_gmt":"2023-04-20T16:48:58","slug":"eventos-atividades","status":"publish","type":"page","link":"https:\/\/ins-wpprod.com\/pt-br\/eventos-atividades\/","title":{"rendered":"Eventos e Atividades"},"content":{"rendered":"\t\t<div data-elementor-type=\"wp-page\" data-elementor-id=\"49043\" class=\"elementor elementor-49043 elementor-4352\" data-elementor-post-type=\"page\">\n\t\t\t\t\t\t<section class=\"elementor-section elementor-top-section elementor-element elementor-element-0b493ee elementor-section-full_width elementor-section-height-default elementor-section-height-default\" data-id=\"0b493ee\" data-element_type=\"section\" data-e-type=\"section\">\n\t\t\t\t\t\t<div class=\"elementor-container elementor-column-gap-default\">\n\t\t\t\t\t<div class=\"elementor-column elementor-col-100 elementor-top-column elementor-element elementor-element-d0ef649\" data-id=\"d0ef649\" data-element_type=\"column\" data-e-type=\"column\">\n\t\t\t<div class=\"elementor-widget-wrap elementor-element-populated\">\n\t\t\t\t\t\t<div class=\"elementor-element elementor-element-f9ae944 elementor-widget elementor-widget-template\" data-id=\"f9ae944\" data-element_type=\"widget\" data-e-type=\"widget\" data-widget_type=\"template.default\">\n\t\t\t\t<div class=\"elementor-widget-container\">\n\t\t\t\t\t\t\t<div class=\"elementor-template\">\n\t\t\t\t\t<div data-elementor-type=\"page\" data-elementor-id=\"5884\" class=\"elementor elementor-5884\" data-elementor-post-type=\"elementor_library\">\n\t\t\t\t\t\t<section class=\"elementor-section elementor-top-section elementor-element elementor-element-9195c60 elementor-section-height-min-height elementor-section-boxed elementor-section-height-default elementor-section-items-middle\" data-id=\"9195c60\" data-element_type=\"section\" data-e-type=\"section\" data-settings=\"{&quot;background_background&quot;:&quot;classic&quot;}\">\n\t\t\t\t\t\t<div class=\"elementor-container elementor-column-gap-default\">\n\t\t\t\t\t<div class=\"elementor-column elementor-col-100 elementor-top-column elementor-element elementor-element-fed701b\" data-id=\"fed701b\" data-element_type=\"column\" data-e-type=\"column\">\n\t\t\t<div class=\"elementor-widget-wrap elementor-element-populated\">\n\t\t\t\t\t\t<div class=\"elementor-element elementor-element-e040b11 elementor-widget elementor-widget-heading\" data-id=\"e040b11\" data-element_type=\"widget\" data-e-type=\"widget\" data-widget_type=\"heading.default\">\n\t\t\t\t<div class=\"elementor-widget-container\">\n\t\t\t\t\t<h1 class=\"elementor-heading-title elementor-size-default\">Eventos e Atividades<\/h1>\t\t\t\t<\/div>\n\t\t\t\t<\/div>\n\t\t\t\t\t<\/div>\n\t\t<\/div>\n\t\t\t\t\t<\/div>\n\t\t<\/section>\n\t\t\t\t<\/div>\n\t\t\t\t<\/div>\n\t\t\t\t\t\t<\/div>\n\t\t\t\t<\/div>\n\t\t\t\t\t<\/div>\n\t\t<\/div>\n\t\t\t\t\t<\/div>\n\t\t<\/section>\n\t\t\t\t<section class=\"elementor-section elementor-top-section elementor-element elementor-element-712ba8f elementor-section-full_width elementor-hidden-mobile elementor-section-height-default elementor-section-height-default\" data-id=\"712ba8f\" data-element_type=\"section\" data-e-type=\"section\">\n\t\t\t\t\t\t<div class=\"elementor-container elementor-column-gap-no\">\n\t\t\t\t\t<div class=\"elementor-column elementor-col-100 elementor-top-column elementor-element elementor-element-a1576cd\" data-id=\"a1576cd\" data-element_type=\"column\" data-e-type=\"column\">\n\t\t\t<div class=\"elementor-widget-wrap elementor-element-populated\">\n\t\t\t\t\t\t<div class=\"elementor-element elementor-element-54f9494 elementor-absolute elementor-widget elementor-widget-heading\" data-id=\"54f9494\" data-element_type=\"widget\" data-e-type=\"widget\" data-settings=\"{&quot;_position&quot;:&quot;absolute&quot;}\" data-widget_type=\"heading.default\">\n\t\t\t\t<div class=\"elementor-widget-container\">\n\t\t\t\t\t<h2 class=\"elementor-heading-title elementor-size-default\">Pr\u00f3ximos Eventos<\/h2>\t\t\t\t<\/div>\n\t\t\t\t<\/div>\n\t\t\t\t<div class=\"elementor-element elementor-element-16b94d7 elementor-widget elementor-widget-image\" data-id=\"16b94d7\" data-element_type=\"widget\" data-e-type=\"widget\" data-widget_type=\"image.default\">\n\t\t\t\t<div class=\"elementor-widget-container\">\n\t\t\t\t\t\t\t\t\t\t\t\t\t\t\t<img fetchpriority=\"high\" decoding=\"async\" width=\"1280\" height=\"439\" src=\"https:\/\/ins-wpprod.com\/wp-content\/uploads\/2022\/11\/top-bg-1-2.png\" class=\"attachment-full size-full wp-image-49045\" alt=\"\" srcset=\"https:\/\/ins-wpprod.com\/wp-content\/uploads\/2022\/11\/top-bg-1-2.png 1280w, https:\/\/ins-wpprod.com\/wp-content\/uploads\/2022\/11\/top-bg-1-2-300x103.png 300w, https:\/\/ins-wpprod.com\/wp-content\/uploads\/2022\/11\/top-bg-1-2-1024x351.png 1024w, https:\/\/ins-wpprod.com\/wp-content\/uploads\/2022\/11\/top-bg-1-2-768x263.png 768w\" sizes=\"(max-width: 1280px) 100vw, 1280px\" \/>\t\t\t\t\t\t\t\t\t\t\t\t\t\t\t<\/div>\n\t\t\t\t<\/div>\n\t\t\t\t\t<\/div>\n\t\t<\/div>\n\t\t\t\t\t<\/div>\n\t\t<\/section>\n\t\t\t\t<section class=\"elementor-section elementor-top-section elementor-element elementor-element-e3b39dc elementor-section-height-min-height elementor-section-boxed elementor-section-height-default elementor-section-items-middle\" data-id=\"e3b39dc\" data-element_type=\"section\" data-e-type=\"section\">\n\t\t\t\t\t\t<div class=\"elementor-container elementor-column-gap-default\">\n\t\t\t\t\t<div class=\"elementor-column elementor-col-100 elementor-top-column elementor-element elementor-element-8c35d2d\" data-id=\"8c35d2d\" data-element_type=\"column\" data-e-type=\"column\" data-settings=\"{&quot;background_background&quot;:&quot;classic&quot;}\">\n\t\t\t<div class=\"elementor-widget-wrap elementor-element-populated\">\n\t\t\t\t\t\t<div class=\"elementor-element elementor-element-98dc42f elementor-button-align-end elementor-mobile-button-align-center elementor-widget elementor-widget-form\" data-id=\"98dc42f\" data-element_type=\"widget\" data-e-type=\"widget\" data-settings=\"{&quot;button_width&quot;:&quot;30&quot;,&quot;step_next_label&quot;:&quot;Pr\\u00f3ximo&quot;,&quot;step_previous_label&quot;:&quot;Anterior&quot;,&quot;button_width_mobile&quot;:&quot;100&quot;,&quot;step_type&quot;:&quot;number_text&quot;,&quot;step_icon_shape&quot;:&quot;circle&quot;}\" data-widget_type=\"form.default\">\n\t\t\t\t<div class=\"elementor-widget-container\">\n\t\t\t\t\t\t\t<form class=\"elementor-form\" method=\"post\" name=\"formul\u00e1rio-de-busca-de-eventos\" aria-label=\"formul\u00e1rio-de-busca-de-eventos\">\n\t\t\t<input type=\"hidden\" name=\"post_id\" value=\"49043\"\/>\n\t\t\t<input type=\"hidden\" name=\"form_id\" value=\"98dc42f\"\/>\n\t\t\t<input type=\"hidden\" name=\"referer_title\" value=\"\" \/>\n\n\t\t\t\n\t\t\t<div class=\"elementor-form-fields-wrapper elementor-labels-above\">\n\t\t\t\t\t\t\t\t<div class=\"elementor-field-type-select elementor-field-group elementor-column elementor-field-group-location elementor-col-30 elementor-sm-50\">\n\t\t\t\t\t\t\t\t\t\t\t\t<label for=\"form-field-location\" class=\"elementor-field-label\">\n\t\t\t\t\t\t\t\tLocaliza\u00e7\u00e3o\t\t\t\t\t\t\t<\/label>\n\t\t\t\t\t\t\t\t<div class=\"elementor-field elementor-select-wrapper remove-before \">\n\t\t\t<div class=\"select-caret-down-wrapper\">\n\t\t\t\t<i aria-hidden=\"true\" class=\"eicon-caret-down\"><\/i>\t\t\t<\/div>\n\t\t\t<select name=\"form_fields[location]\" id=\"form-field-location\" class=\"elementor-field-textual elementor-size-sm\">\n\t\t\t\t\t\t\t\t\t<option value=\"APAC\">APAC<\/option>\n\t\t\t\t\t\t\t\t\t<option value=\"Am\u00e9rica\">Am\u00e9rica<\/option>\n\t\t\t\t\t\t\t\t\t<option value=\"Europa\">Europa<\/option>\n\t\t\t\t\t\t\t\t\t<option value=\"Online\">Online<\/option>\n\t\t\t\t\t\t\t<\/select>\n\t\t<\/div>\n\t\t\t\t\t\t<\/div>\n\t\t\t\t\t\t\t\t<div class=\"elementor-field-type-select elementor-field-group elementor-column elementor-field-group-category elementor-col-40 elementor-sm-50\">\n\t\t\t\t\t\t\t\t\t\t\t\t<label for=\"form-field-category\" class=\"elementor-field-label\">\n\t\t\t\t\t\t\t\tCategoria\t\t\t\t\t\t\t<\/label>\n\t\t\t\t\t\t\t\t<div class=\"elementor-field elementor-select-wrapper remove-before \">\n\t\t\t<div class=\"select-caret-down-wrapper\">\n\t\t\t\t<i aria-hidden=\"true\" class=\"eicon-caret-down\"><\/i>\t\t\t<\/div>\n\t\t\t<select name=\"form_fields[category]\" id=\"form-field-category\" class=\"elementor-field-textual elementor-size-sm\">\n\t\t\t\t\t\t\t\t\t<option value=\"Cria\u00e7\u00e3o de Empresas\">Cria\u00e7\u00e3o de Empresas<\/option>\n\t\t\t\t\t\t\t\t\t<option value=\"EOR\">EOR<\/option>\n\t\t\t\t\t\t\t\t\t<option value=\"Folha de Pagamento e Impostos\">Folha de Pagamento e Impostos<\/option>\n\t\t\t\t\t\t\t\t\t<option value=\"PEO\">PEO<\/option>\n\t\t\t\t\t\t\t\t\t<option value=\"Outros\">Outros<\/option>\n\t\t\t\t\t\t\t<\/select>\n\t\t<\/div>\n\t\t\t\t\t\t<\/div>\n\t\t\t\t\t\t\t\t<div class=\"elementor-field-group elementor-column elementor-field-type-submit elementor-col-30 e-form__buttons elementor-sm-100\">\n\t\t\t\t\t<button class=\"elementor-button elementor-size-sm\" type=\"submit\">\n\t\t\t\t\t\t<span class=\"elementor-button-content-wrapper\">\n\t\t\t\t\t\t\t\t\t\t\t\t\t\t\t\t\t\t\t\t\t\t<span class=\"elementor-button-text\">BUSCAR<\/span>\n\t\t\t\t\t\t\t\t\t\t\t\t\t<\/span>\n\t\t\t\t\t<\/button>\n\t\t\t\t<\/div>\n\t\t\t<\/div>\n\t\t<\/form>\n\t\t\t\t\t\t<\/div>\n\t\t\t\t<\/div>\n\t\t\t\t\t<\/div>\n\t\t<\/div>\n\t\t\t\t\t<\/div>\n\t\t<\/section>\n\t\t\t\t<section class=\"elementor-section elementor-top-section elementor-element elementor-element-610457a dc-has-condition dc-condition-not_empty elementor-section-boxed elementor-section-height-default elementor-section-height-default\" data-id=\"610457a\" data-element_type=\"section\" data-e-type=\"section\">\n\t\t\t\t\t\t<div class=\"elementor-container elementor-column-gap-no\">\n\t\t\t\t\t<div class=\"elementor-column elementor-col-100 elementor-top-column elementor-element elementor-element-2a54959\" data-id=\"2a54959\" data-element_type=\"column\" data-e-type=\"column\">\n\t\t\t<div class=\"elementor-widget-wrap elementor-element-populated\">\n\t\t\t\t\t\t<div class=\"elementor-element elementor-element-0711db7 elementor-widget elementor-widget-heading\" data-id=\"0711db7\" data-element_type=\"widget\" data-e-type=\"widget\" data-widget_type=\"heading.default\">\n\t\t\t\t<div class=\"elementor-widget-container\">\n\t\t\t\t\t<h2 class=\"elementor-heading-title elementor-size-default\">Pr\u00f3ximos Eventos<\/h2>\t\t\t\t<\/div>\n\t\t\t\t<\/div>\n\t\t\t\t<div class=\"elementor-element elementor-element-7c14d46 elementor-posts--thumbnail-top elementor-grid-3 elementor-grid-tablet-2 elementor-grid-mobile-1 elementor-widget elementor-widget-posts\" data-id=\"7c14d46\" data-element_type=\"widget\" data-e-type=\"widget\" data-settings=\"{&quot;custom_columns&quot;:&quot;3&quot;,&quot;custom_columns_tablet&quot;:&quot;2&quot;,&quot;custom_columns_mobile&quot;:&quot;1&quot;,&quot;custom_row_gap&quot;:{&quot;unit&quot;:&quot;px&quot;,&quot;size&quot;:35,&quot;sizes&quot;:[]},&quot;custom_row_gap_tablet&quot;:{&quot;unit&quot;:&quot;px&quot;,&quot;size&quot;:&quot;&quot;,&quot;sizes&quot;:[]},&quot;custom_row_gap_mobile&quot;:{&quot;unit&quot;:&quot;px&quot;,&quot;size&quot;:&quot;&quot;,&quot;sizes&quot;:[]}}\" data-widget_type=\"posts.custom\">\n\t\t\t\t<div class=\"elementor-widget-container\">\n\t\t\t\t\t      <div class=\"ecs-posts elementor-posts-container elementor-posts   elementor-grid elementor-posts--skin-custom\" data-settings=\"{&quot;current_page&quot;:1,&quot;max_num_pages&quot;:0,&quot;load_method&quot;:&quot;numbers&quot;,&quot;widget_id&quot;:&quot;7c14d46&quot;,&quot;post_id&quot;:49043,&quot;theme_id&quot;:49043,&quot;change_url&quot;:false,&quot;reinit_js&quot;:false}\">\n      <div class=\"elementor-posts-nothing-found\"><\/div>\t\t<\/div>\n\t\t\t\t\t\t<\/div>\n\t\t\t\t<\/div>\n\t\t\t\t<div class=\"elementor-element elementor-element-8b93079 elementor-widget elementor-widget-html\" data-id=\"8b93079\" data-element_type=\"widget\" data-e-type=\"widget\" data-widget_type=\"html.default\">\n\t\t\t\t<div class=\"elementor-widget-container\">\n\t\t\t\t\t<script>\r\n  \r\n  var current_URL = window.location.href;\r\n\r\n  function share_via_email(){\r\n    window.open(`mailto:?subject=Check%20out%20this%20link!&body=Hi!%20Check%20out%20this%20link%3A%20${current_URL}`);\r\n  }\r\n  function copyToClipboard(text) {\r\n    var inputc = document.body.appendChild(document.createElement(\"input\"));\r\n    inputc.value = window.location.href;\r\n    inputc.focus();\r\n    inputc.select();\r\n    document.execCommand('copy');\r\n    inputc.parentNode.removeChild(inputc);\r\n    alert(\"URL Copied.\");\r\n  }\r\n\r\n  function share_to_facebook(){\r\n    window.open(`https:\/\/www.facebook.com\/sharer\/sharer.php?u=+${current_URL}`);\r\n  }\r\n\r\n  function share_to_twitter(){\r\n    window.open(`http:\/\/www.twitter.com\/share?url=+${current_URL}`);\r\n  }\r\n\r\n  function share_to_wechat(text){\r\n  copyToClipboard();\r\n  window.open(`weixin:\/\/`);\r\n\r\n  }\r\n\r\n  function share_to_whatsapp(){\r\n        window.open(`whatsapp:\/\/send?text=+${current_URL}`);\r\n  }\r\n\r\n  function share_to_linkedin(){\r\n        window.open(`https:\/\/linkedin.com\/shareArticle?url=+${current_URL}`);\r\n  }\r\n  function embed_share(text){\r\n\r\n    var dummy = document.createElement(\"textarea\");\r\n    document.body.appendChild(dummy);\r\n    dummy.value = `<iframe src = ${current_URL} name=\"Share test\" scrolling=\"Yes\" height=\"500px\" width=\"100%\" style=\"border: none;\"><\/iframe>`;\r\n    dummy.select();\r\n    document.execCommand(\"copy\");\r\n    document.body.removeChild(dummy);\r\n\r\n    alert(\"Embed code copied.\");\r\n    \r\n  }\r\n    \r\n\r\n\r\n    var events_a = document.querySelectorAll(\".events_btn\");\r\n\r\n      events_a.forEach(function (element) { \r\n        element.addEventListener(\"click\", (loop_url) => {   \r\n        \r\n        var pid = element.getAttribute('id');\r\n        var ipd = pid.toString();\r\n            var x = document.getElementById(ipd); \r\n            var y = x.querySelectorAll(\"a\")[0].getAttribute('href');\r\n            \/\/ console.log(y);\r\n\r\n            window.loop_url = y;\r\n\r\n        })\r\n      });\r\n\r\n\r\n  function share_via_email_loop(){\r\n    window.open(`mailto:?subject=Check%20out%20this%20link!&body=Hi!%20Check%20out%20this%20link%3A%20${loop_url}`);\r\n  }\r\n  function copyToClipboard_loop(text) {\r\n    var inputd = document.body.appendChild(document.createElement(\"input\"));\r\n    inputd.value = loop_url;\r\n    \/\/ inputd.focus();\r\n    inputd.select();\r\n    document.execCommand('copy');\r\n    inputd.parentNode.removeChild(inputd);\r\n    alert(\"URL Copied.\");\r\n  }\r\n\r\n  function share_to_facebook_loop(){\r\n    window.open(`https:\/\/www.facebook.com\/sharer\/sharer.php?u=+${loop_url}`);\r\n  }\r\n\r\n  function share_to_twitter_loop(){\r\n    window.open(`http:\/\/www.twitter.com\/share?url=+${loop_url}`);\r\n  }\r\n\r\n  function share_to_wechat_loop(text){\r\n  copyToClipboard();\r\n  window.open(`weixin:\/\/`);\r\n\r\n  }\r\n\r\n  function share_to_whatsapp_loop(){\r\n        window.open(`whatsapp:\/\/send?text=+${loop_url}`);\r\n  }\r\n\r\n  function share_to_linkedin_loop(){\r\n        window.open(`https:\/\/linkedin.com\/shareArticle?url=+${loop_url}`);\r\n  }\r\n  function embed_share_loop(text){\r\n\r\n    var dummy = document.createElement(\"textarea\");\r\n    document.body.appendChild(dummy);\r\n    dummy.value = `<iframe src = ${loop_url} name=\"Share test\" scrolling=\"Yes\" height=\"500px\" width=\"100%\" style=\"border: none;\"><\/iframe>`;\r\n    dummy.select();\r\n    document.execCommand(\"copy\");\r\n    document.body.removeChild(dummy);\r\n\r\n    alert(\"Embed code copied.\");\r\n    \r\n  }\r\n  \r\n<\/script>\t\t\t\t<\/div>\n\t\t\t\t<\/div>\n\t\t\t\t\t<\/div>\n\t\t<\/div>\n\t\t\t\t\t<\/div>\n\t\t<\/section>\n\t\t<!-- hidden section 49043-6f90844 -->\t\t<section class=\"elementor-section elementor-top-section elementor-element elementor-element-0d547ed dc-has-condition dc-condition-not_empty elementor-section-boxed elementor-section-height-default elementor-section-height-default\" data-id=\"0d547ed\" data-element_type=\"section\" data-e-type=\"section\" data-settings=\"{&quot;background_background&quot;:&quot;classic&quot;}\">\n\t\t\t\t\t\t<div class=\"elementor-container elementor-column-gap-no\">\n\t\t\t\t\t<div class=\"elementor-column elementor-col-100 elementor-top-column elementor-element elementor-element-1655218\" data-id=\"1655218\" data-element_type=\"column\" data-e-type=\"column\">\n\t\t\t<div class=\"elementor-widget-wrap elementor-element-populated\">\n\t\t\t\t\t\t<div class=\"elementor-element elementor-element-3c79384 elementor-widget elementor-widget-heading\" data-id=\"3c79384\" data-element_type=\"widget\" data-e-type=\"widget\" data-widget_type=\"heading.default\">\n\t\t\t\t<div class=\"elementor-widget-container\">\n\t\t\t\t\t<h3 class=\"elementor-heading-title elementor-size-default\">Eventos Anteriores<\/h3>\t\t\t\t<\/div>\n\t\t\t\t<\/div>\n\t\t\t\t<div class=\"elementor-element elementor-element-0ee57e4 elementor-posts--thumbnail-top elementor-grid-3 elementor-grid-tablet-2 elementor-grid-mobile-1 elementor-widget elementor-widget-posts\" data-id=\"0ee57e4\" data-element_type=\"widget\" data-e-type=\"widget\" data-settings=\"{&quot;custom_columns&quot;:&quot;3&quot;,&quot;custom_columns_tablet&quot;:&quot;2&quot;,&quot;custom_columns_mobile&quot;:&quot;1&quot;,&quot;custom_row_gap&quot;:{&quot;unit&quot;:&quot;px&quot;,&quot;size&quot;:35,&quot;sizes&quot;:[]},&quot;custom_row_gap_tablet&quot;:{&quot;unit&quot;:&quot;px&quot;,&quot;size&quot;:&quot;&quot;,&quot;sizes&quot;:[]},&quot;custom_row_gap_mobile&quot;:{&quot;unit&quot;:&quot;px&quot;,&quot;size&quot;:&quot;&quot;,&quot;sizes&quot;:[]}}\" data-widget_type=\"posts.custom\">\n\t\t\t\t<div class=\"elementor-widget-container\">\n\t\t\t\t\t      <div class=\"ecs-posts elementor-posts-container elementor-posts   elementor-grid elementor-posts--skin-custom\" data-settings=\"{&quot;current_page&quot;:1,&quot;max_num_pages&quot;:0,&quot;load_method&quot;:&quot;numbers&quot;,&quot;widget_id&quot;:&quot;0ee57e4&quot;,&quot;post_id&quot;:49043,&quot;theme_id&quot;:49043,&quot;change_url&quot;:false,&quot;reinit_js&quot;:false}\">\n      <div class=\"elementor-posts-nothing-found\"><\/div>\t\t<\/div>\n\t\t\t\t\t\t<\/div>\n\t\t\t\t<\/div>\n\t\t\t\t\t<\/div>\n\t\t<\/div>\n\t\t\t\t\t<\/div>\n\t\t<\/section>\n\t\t\t\t<\/div>\n\t\t","protected":false},"excerpt":{"rendered":"<p>Pr\u00f3ximos Eventos Pr\u00f3ximos Eventos Pr\u00f3ximos Eventos Eventos Anteriores<\/p>\n","protected":false},"author":1,"featured_media":0,"parent":0,"menu_order":0,"comment_status":"closed","ping_status":"closed","template":"elementor_header_footer","meta":{"_acf_changed":false,"footnotes":""},"class_list":["post-49043","page","type-page","status-publish","hentry"],"acf":[],"_links":{"self":[{"href":"https:\/\/ins-wpprod.com\/pt-br\/wp-json\/wp\/v2\/pages\/49043","targetHints":{"allow":["GET"]}}],"collection":[{"href":"https:\/\/ins-wpprod.com\/pt-br\/wp-json\/wp\/v2\/pages"}],"about":[{"href":"https:\/\/ins-wpprod.com\/pt-br\/wp-json\/wp\/v2\/types\/page"}],"author":[{"embeddable":true,"href":"https:\/\/ins-wpprod.com\/pt-br\/wp-json\/wp\/v2\/users\/1"}],"replies":[{"embeddable":true,"href":"https:\/\/ins-wpprod.com\/pt-br\/wp-json\/wp\/v2\/comments?post=49043"}],"version-history":[{"count":0,"href":"https:\/\/ins-wpprod.com\/pt-br\/wp-json\/wp\/v2\/pages\/49043\/revisions"}],"wp:attachment":[{"href":"https:\/\/ins-wpprod.com\/pt-br\/wp-json\/wp\/v2\/media?parent=49043"}],"curies":[{"name":"wp","href":"https:\/\/api.w.org\/{rel}","templated":true}]}}