{"id":10967,"date":"2022-03-03T07:02:13","date_gmt":"2022-03-03T07:02:13","guid":{"rendered":"https:\/\/insglobal.qpsoftware.cn\/about-us\/media-press\/"},"modified":"2025-08-27T16:52:04","modified_gmt":"2025-08-27T16:52:04","slug":"media-press","status":"publish","type":"page","link":"https:\/\/ins-wpprod.com\/fr\/a-propos-de-nous\/media-press\/","title":{"rendered":"INS Global dans les m\u00e9dias"},"content":{"rendered":"\t\t<div data-elementor-type=\"wp-page\" data-elementor-id=\"10967\" class=\"elementor elementor-10967 elementor-4192\" data-elementor-post-type=\"page\">\n\t\t\t\t\t\t<section class=\"elementor-section elementor-top-section elementor-element elementor-element-75a07de elementor-section-full_width elementor-hidden-desktop elementor-hidden-tablet elementor-section-height-default elementor-section-height-default\" data-id=\"75a07de\" data-element_type=\"section\" data-e-type=\"section\">\n\t\t\t\t\t\t<div class=\"elementor-container elementor-column-gap-default\">\n\t\t\t\t\t<div class=\"elementor-column elementor-col-100 elementor-top-column elementor-element elementor-element-62b95ad\" data-id=\"62b95ad\" data-element_type=\"column\" data-e-type=\"column\">\n\t\t\t<div class=\"elementor-widget-wrap elementor-element-populated\">\n\t\t\t\t\t\t<div class=\"elementor-element elementor-element-a2b19cb elementor-widget elementor-widget-image\" data-id=\"a2b19cb\" data-element_type=\"widget\" data-e-type=\"widget\" data-widget_type=\"image.default\">\n\t\t\t\t<div class=\"elementor-widget-container\">\n\t\t\t\t\t\t\t\t\t\t\t\t\t\t\t<img fetchpriority=\"high\" decoding=\"async\" width=\"375\" height=\"265\" src=\"https:\/\/ins-wpprod.com\/wp-content\/uploads\/2022\/03\/Group-559.png\" class=\"attachment-full size-full wp-image-8826\" alt=\"INS global in the press\" srcset=\"https:\/\/ins-wpprod.com\/wp-content\/uploads\/2022\/03\/Group-559.png 375w, https:\/\/ins-wpprod.com\/wp-content\/uploads\/2022\/03\/Group-559-300x212.png 300w\" sizes=\"(max-width: 375px) 100vw, 375px\" \/>\t\t\t\t\t\t\t\t\t\t\t\t\t\t\t<\/div>\n\t\t\t\t<\/div>\n\t\t\t\t\t<\/div>\n\t\t<\/div>\n\t\t\t\t\t<\/div>\n\t\t<\/section>\n\t\t\t\t<section class=\"elementor-section elementor-top-section elementor-element elementor-element-4f08295 elementor-section-height-min-height elementor-section-items-top elementor-section-boxed elementor-section-height-default\" data-id=\"4f08295\" data-element_type=\"section\" data-e-type=\"section\" data-settings=\"{&quot;background_background&quot;:&quot;classic&quot;}\">\n\t\t\t\t\t\t<div class=\"elementor-container elementor-column-gap-default\">\n\t\t\t\t\t<div class=\"elementor-column elementor-col-100 elementor-top-column elementor-element elementor-element-34fcb9a\" data-id=\"34fcb9a\" data-element_type=\"column\" data-e-type=\"column\">\n\t\t\t<div class=\"elementor-widget-wrap elementor-element-populated\">\n\t\t\t\t\t\t<div class=\"elementor-element elementor-element-fbafe99 elementor-widget elementor-widget-heading\" data-id=\"fbafe99\" data-element_type=\"widget\" data-e-type=\"widget\" data-widget_type=\"heading.default\">\n\t\t\t\t<div class=\"elementor-widget-container\">\n\t\t\t\t\t<h1 class=\"elementor-heading-title elementor-size-default\">INS Global dans les m\u00e9dias<\/h1>\t\t\t\t<\/div>\n\t\t\t\t<\/div>\n\t\t\t\t<section class=\"elementor-section elementor-inner-section elementor-element elementor-element-d46d722 elementor-section-boxed elementor-section-height-default elementor-section-height-default\" data-id=\"d46d722\" data-element_type=\"section\" data-e-type=\"section\">\n\t\t\t\t\t\t<div class=\"elementor-container elementor-column-gap-default\">\n\t\t\t\t\t<div class=\"elementor-column elementor-col-50 elementor-inner-column elementor-element elementor-element-1263f08\" data-id=\"1263f08\" data-element_type=\"column\" data-e-type=\"column\">\n\t\t\t<div class=\"elementor-widget-wrap elementor-element-populated\">\n\t\t\t\t\t\t<div class=\"elementor-element elementor-element-6deb25b elementor-widget__width-auto elementor-widget elementor-widget-text-editor\" data-id=\"6deb25b\" data-element_type=\"widget\" data-e-type=\"widget\" data-widget_type=\"text-editor.default\">\n\t\t\t\t<div class=\"elementor-widget-container\">\n\t\t\t\t\t\t\t\t\tT\u00e9l\u00e9chargez nos logos, nos photos d&rsquo;\u00e9quipes et nos images de produits \u00e0 des fins commerciales. Pour les\u00a0demandes\u00a0d&rsquo;informations de la\u00a0part de la\u00a0presse, veuillez nous contacter \u00e0 <strong>l&rsquo;adresse sales@ins-global.com<\/strong>\t\t\t\t\t\t\t\t<\/div>\n\t\t\t\t<\/div>\n\t\t\t\t\t<\/div>\n\t\t<\/div>\n\t\t\t\t<div class=\"elementor-column elementor-col-50 elementor-inner-column elementor-element elementor-element-373a9de\" data-id=\"373a9de\" data-element_type=\"column\" data-e-type=\"column\">\n\t\t\t<div class=\"elementor-widget-wrap elementor-element-populated\">\n\t\t\t\t\t\t<div class=\"elementor-element elementor-element-a82f4aa elementor-align-right elementor-mobile-align-center elementor-hidden-desktop elementor-hidden-tablet elementor-hidden-mobile elementor-widget elementor-widget-button\" data-id=\"a82f4aa\" data-element_type=\"widget\" data-e-type=\"widget\" data-widget_type=\"button.default\">\n\t\t\t\t<div class=\"elementor-widget-container\">\n\t\t\t\t\t\t\t\t\t<div class=\"elementor-button-wrapper\">\n\t\t\t\t\t<a class=\"elementor-button elementor-button-link elementor-size-sm\" href=\"#\">\n\t\t\t\t\t\t<span class=\"elementor-button-content-wrapper\">\n\t\t\t\t\t\t\t\t\t<span class=\"elementor-button-text\">DOWNLOAD MEDIA KIT<\/span>\n\t\t\t\t\t<\/span>\n\t\t\t\t\t<\/a>\n\t\t\t\t<\/div>\n\t\t\t\t\t\t\t\t<\/div>\n\t\t\t\t<\/div>\n\t\t\t\t\t<\/div>\n\t\t<\/div>\n\t\t\t\t\t<\/div>\n\t\t<\/section>\n\t\t\t\t\t<\/div>\n\t\t<\/div>\n\t\t\t\t\t<\/div>\n\t\t<\/section>\n\t\t\t\t<section class=\"elementor-section elementor-top-section elementor-element elementor-element-8ea7816 elementor-section-boxed elementor-section-height-default elementor-section-height-default\" data-id=\"8ea7816\" data-element_type=\"section\" data-e-type=\"section\">\n\t\t\t\t\t\t<div class=\"elementor-container elementor-column-gap-default\">\n\t\t\t\t\t<div class=\"make-column-clickable-elementor elementor-column elementor-col-100 elementor-top-column elementor-element elementor-element-fee10c0\" style=\"cursor: pointer;\" data-column-clickable=\"https:\/\/www.entrepreneur.com\/article\/429612\" data-column-clickable-blank=\"_self\" data-id=\"fee10c0\" data-element_type=\"column\" data-e-type=\"column\" data-settings=\"{&quot;background_background&quot;:&quot;classic&quot;}\">\n\t\t\t<div class=\"elementor-widget-wrap elementor-element-populated\">\n\t\t\t\t\t\t<div class=\"elementor-element elementor-element-6ee98c9 elementor-widget elementor-widget-image\" data-id=\"6ee98c9\" data-element_type=\"widget\" data-e-type=\"widget\" data-widget_type=\"image.default\">\n\t\t\t\t<div class=\"elementor-widget-container\">\n\t\t\t\t\t\t\t\t\t\t\t\t\t\t\t\t<a href=\"https:\/\/www.entrepreneur.com\/article\/429612\" target=\"_blank\" rel=\"noopener\">\n\t\t\t\t\t\t\t<img decoding=\"async\" src=\"https:\/\/ins-wpprod.com\/wp-content\/uploads\/elementor\/thumbs\/entrepreneur-logo-r6k305e004ayj9l80zz3686gfjkole1hh3peb13a9m.jpg\" title=\"entrepreneur-logo\" alt=\"Entrepreneur Logo\" loading=\"lazy\" \/>\t\t\t\t\t\t\t\t<\/a>\n\t\t\t\t\t\t\t\t\t\t\t\t\t\t\t<\/div>\n\t\t\t\t<\/div>\n\t\t\t\t<div class=\"elementor-element elementor-element-5cec753 elementor-widget__width-auto elementor-widget elementor-widget-heading\" data-id=\"5cec753\" data-element_type=\"widget\" data-e-type=\"widget\" data-widget_type=\"heading.default\">\n\t\t\t\t<div class=\"elementor-widget-container\">\n\t\t\t\t\t<h3 class=\"elementor-heading-title elementor-size-default\"><a href=\"https:\/\/www.entrepreneur.com\/article\/429612\" target=\"_blank\" rel=\"noopener\">Comment l'industrie agro-alimentaire se redresse apr\u00e8s la pand\u00e9mie<\/a><\/h3>\t\t\t\t<\/div>\n\t\t\t\t<\/div>\n\t\t\t\t<div class=\"elementor-element elementor-element-711dcb2 elementor-widget__width-auto elementor-view-default elementor-widget elementor-widget-icon\" data-id=\"711dcb2\" data-element_type=\"widget\" data-e-type=\"widget\" data-widget_type=\"icon.default\">\n\t\t\t\t<div class=\"elementor-widget-container\">\n\t\t\t\t\t\t\t<div class=\"elementor-icon-wrapper\">\n\t\t\t<a class=\"elementor-icon\" href=\"https:\/\/www.entrepreneur.com\/article\/429612\" target=\"_blank\" rel=\"noopener\">\n\t\t\t<i aria-hidden=\"true\" class=\"fas fa-quote-left\"><\/i>\t\t\t<\/a>\n\t\t<\/div>\n\t\t\t\t\t\t<\/div>\n\t\t\t\t<\/div>\n\t\t\t\t<div class=\"elementor-element elementor-element-5ade981 elementor-widget elementor-widget-text-editor\" data-id=\"5ade981\" data-element_type=\"widget\" data-e-type=\"widget\" data-widget_type=\"text-editor.default\">\n\t\t\t\t<div class=\"elementor-widget-container\">\n\t\t\t\t\t\t\t\t\t<div class=\" mt-4 mb-3 mt-4 mb-3\"><p class=\"mt-3 text-base text-gray-600 sm:mt-5 sm:text-lg sm:max-w-3xl md:mt-5 md:text-xl \">En cette p\u00e9riode de reprise, d\u00e9couvrez les opportunit\u00e9s de croissance offertes entreprises agro-alimentaires internationales.<\/p><\/div>\t\t\t\t\t\t\t\t<\/div>\n\t\t\t\t<\/div>\n\t\t\t\t\t<\/div>\n\t\t<\/div>\n\t\t\t\t\t<\/div>\n\t\t<\/section>\n\t\t\t\t<\/div>\n\t\t","protected":false},"excerpt":{"rendered":"<p>INS Global dans les m\u00e9dias T\u00e9l\u00e9chargez nos logos, nos photos d&rsquo;\u00e9quipes et nos images de produits \u00e0 des fins commerciales. Pour les\u00a0demandes\u00a0d&rsquo;informations de la\u00a0part de la\u00a0presse, veuillez nous contacter \u00e0 l&rsquo;adresse sales@ins-global.com DOWNLOAD MEDIA KIT Comment l&rsquo;industrie agro-alimentaire se redresse apr\u00e8s la pand\u00e9mie En cette p\u00e9riode de reprise, d\u00e9couvrez les opportunit\u00e9s de croissance offertes entreprises [&hellip;]<\/p>\n","protected":false},"author":1,"featured_media":0,"parent":10925,"menu_order":0,"comment_status":"closed","ping_status":"closed","template":"elementor_header_footer","meta":{"_acf_changed":false,"footnotes":""},"class_list":["post-10967","page","type-page","status-publish","hentry"],"acf":[],"_links":{"self":[{"href":"https:\/\/ins-wpprod.com\/fr\/wp-json\/wp\/v2\/pages\/10967","targetHints":{"allow":["GET"]}}],"collection":[{"href":"https:\/\/ins-wpprod.com\/fr\/wp-json\/wp\/v2\/pages"}],"about":[{"href":"https:\/\/ins-wpprod.com\/fr\/wp-json\/wp\/v2\/types\/page"}],"author":[{"embeddable":true,"href":"https:\/\/ins-wpprod.com\/fr\/wp-json\/wp\/v2\/users\/1"}],"replies":[{"embeddable":true,"href":"https:\/\/ins-wpprod.com\/fr\/wp-json\/wp\/v2\/comments?post=10967"}],"version-history":[{"count":9,"href":"https:\/\/ins-wpprod.com\/fr\/wp-json\/wp\/v2\/pages\/10967\/revisions"}],"predecessor-version":[{"id":98876,"href":"https:\/\/ins-wpprod.com\/fr\/wp-json\/wp\/v2\/pages\/10967\/revisions\/98876"}],"up":[{"embeddable":true,"href":"https:\/\/ins-wpprod.com\/fr\/wp-json\/wp\/v2\/pages\/10925"}],"wp:attachment":[{"href":"https:\/\/ins-wpprod.com\/fr\/wp-json\/wp\/v2\/media?parent=10967"}],"curies":[{"name":"wp","href":"https:\/\/api.w.org\/{rel}","templated":true}]}}