{"id":10961,"date":"2022-01-13T12:50:34","date_gmt":"2022-01-13T12:50:34","guid":{"rendered":"https:\/\/insglobal.qpsoftware.cn\/about-us\/job-openings\/"},"modified":"2025-03-18T09:24:14","modified_gmt":"2025-03-18T09:24:14","slug":"offres-emploi","status":"publish","type":"page","link":"https:\/\/ins-wpprod.com\/fr\/offres-emploi\/","title":{"rendered":"Offres d\u2019emploi internationales"},"content":{"rendered":"\t\t<div data-elementor-type=\"wp-page\" data-elementor-id=\"10961\" class=\"elementor elementor-10961 elementor-827\" data-elementor-post-type=\"page\">\n\t\t\t\t\t\t<section class=\"elementor-section elementor-top-section elementor-element elementor-element-4aa336b elementor-section-full_width elementor-section-height-default elementor-section-height-default\" data-id=\"4aa336b\" data-element_type=\"section\" data-e-type=\"section\">\n\t\t\t\t\t\t<div class=\"elementor-container elementor-column-gap-default\">\n\t\t\t\t\t<div class=\"elementor-column elementor-col-100 elementor-top-column elementor-element elementor-element-494e91d\" data-id=\"494e91d\" data-element_type=\"column\" data-e-type=\"column\">\n\t\t\t<div class=\"elementor-widget-wrap elementor-element-populated\">\n\t\t\t\t\t\t<div class=\"elementor-element elementor-element-372da06 elementor-widget elementor-widget-template\" data-id=\"372da06\" data-element_type=\"widget\" data-e-type=\"widget\" data-widget_type=\"template.default\">\n\t\t\t\t<div class=\"elementor-widget-container\">\n\t\t\t\t\t\t\t<div class=\"elementor-template\">\n\t\t\t\t\t<div data-elementor-type=\"page\" data-elementor-id=\"5884\" class=\"elementor elementor-5884\" data-elementor-post-type=\"elementor_library\">\n\t\t\t\t\t\t<section class=\"elementor-section elementor-top-section elementor-element elementor-element-9195c60 elementor-section-height-min-height elementor-section-boxed elementor-section-height-default elementor-section-items-middle\" data-id=\"9195c60\" data-element_type=\"section\" data-e-type=\"section\" data-settings=\"{&quot;background_background&quot;:&quot;classic&quot;}\">\n\t\t\t\t\t\t<div class=\"elementor-container elementor-column-gap-default\">\n\t\t\t\t\t<div class=\"elementor-column elementor-col-100 elementor-top-column elementor-element elementor-element-fed701b\" data-id=\"fed701b\" data-element_type=\"column\" data-e-type=\"column\">\n\t\t\t<div class=\"elementor-widget-wrap elementor-element-populated\">\n\t\t\t\t\t\t<div class=\"elementor-element elementor-element-e040b11 elementor-widget elementor-widget-heading\" data-id=\"e040b11\" data-element_type=\"widget\" data-e-type=\"widget\" data-widget_type=\"heading.default\">\n\t\t\t\t<div class=\"elementor-widget-container\">\n\t\t\t\t\t<h1 class=\"elementor-heading-title elementor-size-default\">Offres d\u2019emploi internationales | INS Global<\/h1>\t\t\t\t<\/div>\n\t\t\t\t<\/div>\n\t\t\t\t\t<\/div>\n\t\t<\/div>\n\t\t\t\t\t<\/div>\n\t\t<\/section>\n\t\t\t\t<\/div>\n\t\t\t\t<\/div>\n\t\t\t\t\t\t<\/div>\n\t\t\t\t<\/div>\n\t\t\t\t\t<\/div>\n\t\t<\/div>\n\t\t\t\t\t<\/div>\n\t\t<\/section>\n\t\t\t\t<section class=\"elementor-section elementor-top-section elementor-element elementor-element-fe778df elementor-section-height-min-height elementor-section-items-top elementor-section-boxed elementor-section-height-default\" data-id=\"fe778df\" data-element_type=\"section\" data-e-type=\"section\" data-settings=\"{&quot;background_background&quot;:&quot;classic&quot;}\">\n\t\t\t\t\t\t\t<div class=\"elementor-background-overlay\"><\/div>\n\t\t\t\t\t\t\t<div class=\"elementor-container elementor-column-gap-no\">\n\t\t\t\t\t<div class=\"elementor-column elementor-col-100 elementor-top-column elementor-element elementor-element-13ce6a7\" data-id=\"13ce6a7\" data-element_type=\"column\" data-e-type=\"column\">\n\t\t\t<div class=\"elementor-widget-wrap elementor-element-populated\">\n\t\t\t\t\t\t<div class=\"elementor-element elementor-element-e1743c9 elementor-widget elementor-widget-heading\" data-id=\"e1743c9\" data-element_type=\"widget\" data-e-type=\"widget\" data-widget_type=\"heading.default\">\n\t\t\t\t<div class=\"elementor-widget-container\">\n\t\t\t\t\t<h2 class=\"elementor-heading-title elementor-size-default\">Trouvez le Poste de Vos r\u00eaves Avec INS Global<\/h2>\t\t\t\t<\/div>\n\t\t\t\t<\/div>\n\t\t\t\t<div class=\"elementor-element elementor-element-caf5cff elementor-widget elementor-widget-text-editor\" data-id=\"caf5cff\" data-element_type=\"widget\" data-e-type=\"widget\" data-widget_type=\"text-editor.default\">\n\t\t\t\t<div class=\"elementor-widget-container\">\n\t\t\t\t\t\t\t\t\t<p>Nos services de recrutement <strong>sont constamment \u00e0 la recherche de nouveaux talents<\/strong> pour r\u00e9pondre aux besoins de nos clients dans les secteurs du F&amp;B (Food and Beverage), de l&rsquo;ing\u00e9nierie, de la communication, des technologies, du conseil, de l&rsquo;\u00e9nergie et plus encore&#8230;<\/p>\n\t\t\t\t\t\t\t\t<\/div>\n\t\t\t\t<\/div>\n\t\t\t\t\t<\/div>\n\t\t<\/div>\n\t\t\t\t\t<\/div>\n\t\t<\/section>\n\t\t\t\t<section class=\"elementor-section elementor-top-section elementor-element elementor-element-ba1e296 elementor-section-boxed elementor-section-height-default elementor-section-height-default\" data-id=\"ba1e296\" data-element_type=\"section\" data-e-type=\"section\" data-settings=\"{&quot;background_background&quot;:&quot;classic&quot;}\">\n\t\t\t\t\t\t<div class=\"elementor-container elementor-column-gap-default\">\n\t\t\t\t\t<div class=\"elementor-column elementor-col-100 elementor-top-column elementor-element elementor-element-a788cd2\" data-id=\"a788cd2\" data-element_type=\"column\" data-e-type=\"column\">\n\t\t\t<div class=\"elementor-widget-wrap elementor-element-populated\">\n\t\t\t\t\t\t<section class=\"elementor-section elementor-inner-section elementor-element elementor-element-677e44f elementor-section-boxed elementor-section-height-default elementor-section-height-default\" data-id=\"677e44f\" data-element_type=\"section\" data-e-type=\"section\">\n\t\t\t\t\t\t<div class=\"elementor-container elementor-column-gap-default\">\n\t\t\t\t\t<div class=\"elementor-column elementor-col-50 elementor-inner-column elementor-element elementor-element-92eccba\" data-id=\"92eccba\" data-element_type=\"column\" data-e-type=\"column\" data-settings=\"{&quot;background_background&quot;:&quot;classic&quot;}\">\n\t\t\t<div class=\"elementor-widget-wrap elementor-element-populated\">\n\t\t\t\t\t\t<div class=\"elementor-element elementor-element-eddda43 elementor-widget elementor-widget-heading\" data-id=\"eddda43\" data-element_type=\"widget\" data-e-type=\"widget\" id=\"open-positions-click\" data-widget_type=\"heading.default\">\n\t\t\t\t<div class=\"elementor-widget-container\">\n\t\t\t\t\t<h3 class=\"elementor-heading-title elementor-size-default\"><b>Postes ouverts internes<\/b><\/h3>\t\t\t\t<\/div>\n\t\t\t\t<\/div>\n\t\t\t\t<div class=\"elementor-element elementor-element-68d777b elementor-widget-divider--view-line elementor-widget elementor-widget-divider\" data-id=\"68d777b\" data-element_type=\"widget\" data-e-type=\"widget\" id=\"open-positions-bar\" data-widget_type=\"divider.default\">\n\t\t\t\t<div class=\"elementor-widget-container\">\n\t\t\t\t\t\t\t<div class=\"elementor-divider\">\n\t\t\t<span class=\"elementor-divider-separator\">\n\t\t\t\t\t\t<\/span>\n\t\t<\/div>\n\t\t\t\t\t\t<\/div>\n\t\t\t\t<\/div>\n\t\t\t\t\t<\/div>\n\t\t<\/div>\n\t\t\t\t<div class=\"elementor-column elementor-col-50 elementor-inner-column elementor-element elementor-element-038026f\" data-id=\"038026f\" data-element_type=\"column\" data-e-type=\"column\" data-settings=\"{&quot;background_background&quot;:&quot;classic&quot;}\">\n\t\t\t<div class=\"elementor-widget-wrap elementor-element-populated\">\n\t\t\t\t\t\t<div class=\"elementor-element elementor-element-2f18ef8 elementor-widget elementor-widget-heading\" data-id=\"2f18ef8\" data-element_type=\"widget\" data-e-type=\"widget\" id=\"external-jobs-click\" data-widget_type=\"heading.default\">\n\t\t\t\t<div class=\"elementor-widget-container\">\n\t\t\t\t\t<h3 class=\"elementor-heading-title elementor-size-default\"><b>Postes ouverts externes<\/b><\/h3>\t\t\t\t<\/div>\n\t\t\t\t<\/div>\n\t\t\t\t<div class=\"elementor-element elementor-element-bf4140b elementor-hidden-desktop elementor-hidden-tablet elementor-hidden-mobile elementor-widget-divider--view-line elementor-widget elementor-widget-divider\" data-id=\"bf4140b\" data-element_type=\"widget\" data-e-type=\"widget\" id=\"external-jobs-bar\" data-widget_type=\"divider.default\">\n\t\t\t\t<div class=\"elementor-widget-container\">\n\t\t\t\t\t\t\t<div class=\"elementor-divider\">\n\t\t\t<span class=\"elementor-divider-separator\">\n\t\t\t\t\t\t<\/span>\n\t\t<\/div>\n\t\t\t\t\t\t<\/div>\n\t\t\t\t<\/div>\n\t\t\t\t\t<\/div>\n\t\t<\/div>\n\t\t\t\t\t<\/div>\n\t\t<\/section>\n\t\t\t\t<section class=\"elementor-section elementor-inner-section elementor-element elementor-element-f5fcb1f elementor-section-full_width elementor-section-height-default elementor-section-height-default\" data-id=\"f5fcb1f\" data-element_type=\"section\" data-e-type=\"section\">\n\t\t\t\t\t\t<div class=\"elementor-container elementor-column-gap-default\">\n\t\t\t\t\t<div class=\"elementor-column elementor-col-100 elementor-inner-column elementor-element elementor-element-daa98f8\" data-id=\"daa98f8\" data-element_type=\"column\" data-e-type=\"column\">\n\t\t\t<div class=\"elementor-widget-wrap elementor-element-populated\">\n\t\t\t\t\t\t<div class=\"elementor-element elementor-element-555e653 elementor-posts--thumbnail-top elementor-grid-3 elementor-grid-tablet-2 elementor-grid-mobile-1 elementor-widget elementor-widget-posts\" data-id=\"555e653\" data-element_type=\"widget\" data-e-type=\"widget\" id=\"open-positions\" data-settings=\"{&quot;custom_row_gap&quot;:{&quot;unit&quot;:&quot;px&quot;,&quot;size&quot;:43,&quot;sizes&quot;:[]},&quot;custom_columns&quot;:&quot;3&quot;,&quot;custom_columns_tablet&quot;:&quot;2&quot;,&quot;custom_columns_mobile&quot;:&quot;1&quot;,&quot;custom_row_gap_tablet&quot;:{&quot;unit&quot;:&quot;px&quot;,&quot;size&quot;:&quot;&quot;,&quot;sizes&quot;:[]},&quot;custom_row_gap_mobile&quot;:{&quot;unit&quot;:&quot;px&quot;,&quot;size&quot;:&quot;&quot;,&quot;sizes&quot;:[]}}\" data-widget_type=\"posts.custom\">\n\t\t\t\t<div class=\"elementor-widget-container\">\n\t\t\t\t\t      <div class=\"ecs-posts elementor-posts-container elementor-posts   elementor-grid elementor-posts--skin-custom\" data-settings=\"{&quot;current_page&quot;:1,&quot;max_num_pages&quot;:0,&quot;load_method&quot;:&quot;numbers&quot;,&quot;widget_id&quot;:&quot;555e653&quot;,&quot;post_id&quot;:10961,&quot;theme_id&quot;:10961,&quot;change_url&quot;:false,&quot;reinit_js&quot;:false}\">\n      <div class=\"elementor-posts-nothing-found\"><\/div>\t\t<\/div>\n\t\t\t\t\t\t<\/div>\n\t\t\t\t<\/div>\n\t\t\t\t<div class=\"elementor-element elementor-element-be67f1b elementor-hidden-desktop elementor-hidden-tablet elementor-hidden-mobile elementor-posts--thumbnail-top elementor-grid-3 elementor-grid-tablet-2 elementor-grid-mobile-1 elementor-widget elementor-widget-posts\" data-id=\"be67f1b\" data-element_type=\"widget\" data-e-type=\"widget\" id=\"external-jobs\" data-settings=\"{&quot;custom_columns&quot;:&quot;3&quot;,&quot;custom_columns_tablet&quot;:&quot;2&quot;,&quot;custom_columns_mobile&quot;:&quot;1&quot;,&quot;custom_row_gap&quot;:{&quot;unit&quot;:&quot;px&quot;,&quot;size&quot;:35,&quot;sizes&quot;:[]},&quot;custom_row_gap_tablet&quot;:{&quot;unit&quot;:&quot;px&quot;,&quot;size&quot;:&quot;&quot;,&quot;sizes&quot;:[]},&quot;custom_row_gap_mobile&quot;:{&quot;unit&quot;:&quot;px&quot;,&quot;size&quot;:&quot;&quot;,&quot;sizes&quot;:[]}}\" data-widget_type=\"posts.custom\">\n\t\t\t\t<div class=\"elementor-widget-container\">\n\t\t\t\t\t      <div class=\"ecs-posts elementor-posts-container elementor-posts   elementor-grid elementor-posts--skin-custom\" data-settings=\"{&quot;current_page&quot;:1,&quot;max_num_pages&quot;:0,&quot;load_method&quot;:&quot;&quot;,&quot;widget_id&quot;:&quot;be67f1b&quot;,&quot;post_id&quot;:10961,&quot;theme_id&quot;:10961,&quot;change_url&quot;:false,&quot;reinit_js&quot;:false}\">\n      <div class=\"elementor-posts-nothing-found\"><\/div>\t\t<\/div>\n\t\t\t\t\t\t<\/div>\n\t\t\t\t<\/div>\n\t\t\t\t<div class=\"elementor-element elementor-element-ae9cdbf elementor-hidden-desktop elementor-hidden-tablet elementor-widget elementor-widget-heading\" data-id=\"ae9cdbf\" data-element_type=\"widget\" data-e-type=\"widget\" data-widget_type=\"heading.default\">\n\t\t\t\t<div class=\"elementor-widget-container\">\n\t\t\t\t\t<h3 class=\"elementor-heading-title elementor-size-default\">Voir plus<\/h3>\t\t\t\t<\/div>\n\t\t\t\t<\/div>\n\t\t\t\t\t<\/div>\n\t\t<\/div>\n\t\t\t\t\t<\/div>\n\t\t<\/section>\n\t\t\t\t\t<\/div>\n\t\t<\/div>\n\t\t\t\t\t<\/div>\n\t\t<\/section>\n\t\t\t\t<section class=\"elementor-section elementor-top-section elementor-element elementor-element-5df87ae elementor-section-height-min-height elementor-section-boxed elementor-section-height-default elementor-section-items-middle\" data-id=\"5df87ae\" data-element_type=\"section\" data-e-type=\"section\" data-settings=\"{&quot;background_background&quot;:&quot;classic&quot;}\">\n\t\t\t\t\t\t<div class=\"elementor-container elementor-column-gap-no\">\n\t\t\t\t\t<div class=\"elementor-column elementor-col-100 elementor-top-column elementor-element elementor-element-b595f0c\" data-id=\"b595f0c\" data-element_type=\"column\" data-e-type=\"column\">\n\t\t\t<div class=\"elementor-widget-wrap elementor-element-populated\">\n\t\t\t\t\t\t<section class=\"elementor-section elementor-inner-section elementor-element elementor-element-3c77ccc elementor-section-boxed elementor-section-height-default elementor-section-height-default\" data-id=\"3c77ccc\" data-element_type=\"section\" data-e-type=\"section\">\n\t\t\t\t\t\t<div class=\"elementor-container elementor-column-gap-no\">\n\t\t\t\t\t<div class=\"elementor-column elementor-col-50 elementor-inner-column elementor-element elementor-element-f758519\" data-id=\"f758519\" data-element_type=\"column\" data-e-type=\"column\" data-settings=\"{&quot;background_background&quot;:&quot;classic&quot;}\">\n\t\t\t<div class=\"elementor-widget-wrap elementor-element-populated\">\n\t\t\t\t\t\t<div class=\"elementor-element elementor-element-2263667 elementor-widget elementor-widget-heading\" data-id=\"2263667\" data-element_type=\"widget\" data-e-type=\"widget\" data-widget_type=\"heading.default\">\n\t\t\t\t<div class=\"elementor-widget-container\">\n\t\t\t\t\t<div class=\"elementor-heading-title elementor-size-default\">Nous aidons les entreprises \u00e0 atteindre leur potentiel en Asie-Pacifique<\/div>\t\t\t\t<\/div>\n\t\t\t\t<\/div>\n\t\t\t\t<div class=\"elementor-element elementor-element-6161896 elementor-widget elementor-widget-text-editor\" data-id=\"6161896\" data-element_type=\"widget\" data-e-type=\"widget\" data-widget_type=\"text-editor.default\">\n\t\t\t\t<div class=\"elementor-widget-container\">\n\t\t\t\t\t\t\t\t\t<p>Chez INS Global, nous sommes conscients que les personnes sont au c\u0153ur des entreprises afin de conduire une nouvelle \u00e8re de d\u00e9veloppement, de croissance et de productivit\u00e9.<\/p>\n\t\t\t\t\t\t\t\t<\/div>\n\t\t\t\t<\/div>\n\t\t\t\t<div class=\"elementor-element elementor-element-e1cfcd4 elementor-mobile-align-left elementor-widget elementor-widget-button\" data-id=\"e1cfcd4\" data-element_type=\"widget\" data-e-type=\"widget\" data-widget_type=\"button.default\">\n\t\t\t\t<div class=\"elementor-widget-container\">\n\t\t\t\t\t\t\t\t\t<div class=\"elementor-button-wrapper\">\n\t\t\t\t\t<a class=\"elementor-button elementor-button-link elementor-size-sm elementor-animation-shrink\" href=\"https:\/\/ins-wpprod.com\/fr\/a-propos-de-nous\/valeurs\/\">\n\t\t\t\t\t\t<span class=\"elementor-button-content-wrapper\">\n\t\t\t\t\t\t\t\t\t<span class=\"elementor-button-text\">D\u00c9COUVRIR<\/span>\n\t\t\t\t\t<\/span>\n\t\t\t\t\t<\/a>\n\t\t\t\t<\/div>\n\t\t\t\t\t\t\t\t<\/div>\n\t\t\t\t<\/div>\n\t\t\t\t\t<\/div>\n\t\t<\/div>\n\t\t\t\t<div class=\"elementor-column elementor-col-50 elementor-inner-column elementor-element elementor-element-d5b4117 elementor-hidden-mobile\" data-id=\"d5b4117\" data-element_type=\"column\" data-e-type=\"column\">\n\t\t\t<div class=\"elementor-widget-wrap\">\n\t\t\t\t\t\t\t<\/div>\n\t\t<\/div>\n\t\t\t\t\t<\/div>\n\t\t<\/section>\n\t\t\t\t\t<\/div>\n\t\t<\/div>\n\t\t\t\t\t<\/div>\n\t\t<\/section>\n\t\t\t\t<section class=\"elementor-section elementor-top-section elementor-element elementor-element-65e7176 elementor-section-boxed elementor-section-height-default elementor-section-height-default\" data-id=\"65e7176\" data-element_type=\"section\" data-e-type=\"section\">\n\t\t\t\t\t\t<div class=\"elementor-container elementor-column-gap-default\">\n\t\t\t\t\t<div class=\"elementor-column elementor-col-100 elementor-top-column elementor-element elementor-element-64d62cc\" data-id=\"64d62cc\" data-element_type=\"column\" data-e-type=\"column\">\n\t\t\t<div class=\"elementor-widget-wrap elementor-element-populated\">\n\t\t\t\t\t\t<div class=\"elementor-element elementor-element-a938ca7 elementor-widget elementor-widget-html\" data-id=\"a938ca7\" data-element_type=\"widget\" data-e-type=\"widget\" data-widget_type=\"html.default\">\n\t\t\t\t<div class=\"elementor-widget-container\">\n\t\t\t\t\t<script>\r\n    \r\n    var events_a = document.querySelectorAll(\".events_btn\");\r\n\r\n      events_a.forEach(function (element) { \r\n        element.addEventListener(\"click\", (loop_url) => {   \r\n        \r\n        var pid = element.getAttribute('id');\r\n        var ipd = pid.toString();\r\n            var x = document.getElementById(ipd); \r\n            var y = x.querySelectorAll(\"a\")[0].getAttribute('href');\r\n            \/\/ console.log(y);\r\n\r\n            window.loop_url = y;\r\n\r\n        })\r\n      });\r\n\r\n\r\n  function share_via_email_loop(){\r\n    window.open(`mailto:?subject=Check%20out%20this%20link!&body=Hi!%20Check%20out%20this%20link%3A%20${loop_url}`);\r\n  }\r\n  function copyToClipboard_loop(text) {\r\n    var inputd = document.body.appendChild(document.createElement(\"input\"));\r\n    inputd.value = loop_url;\r\n    \/\/ inputd.focus();\r\n    inputd.select();\r\n    document.execCommand('copy');\r\n    inputd.parentNode.removeChild(inputd);\r\n    alert(\"URL Copied.\");\r\n  }\r\n\r\n  function share_to_facebook_loop(){\r\n    window.open(`https:\/\/www.facebook.com\/sharer\/sharer.php?u=+${loop_url}`);\r\n  }\r\n\r\n  function share_to_twitter_loop(){\r\n    window.open(`http:\/\/www.twitter.com\/share?url=+${loop_url}`);\r\n  }\r\n\r\n  function share_to_wechat_loop(text){\r\n  copyToClipboard();\r\n  window.open(`weixin:\/\/`);\r\n\r\n  }\r\n\r\n  function share_to_whatsapp_loop(){\r\n        window.open(`whatsapp:\/\/send?text=+${loop_url}`);\r\n  }\r\n\r\n  function share_to_linkedin_loop(){\r\n        window.open(`https:\/\/linkedin.com\/shareArticle?url=+${loop_url}`);\r\n  }\r\n  function embed_share_loop(text){\r\n\r\n    var dummy = document.createElement(\"textarea\");\r\n    document.body.appendChild(dummy);\r\n    dummy.value = `<iframe src = ${loop_url} name=\"Share test\" scrolling=\"Yes\" height=\"500px\" width=\"100%\" style=\"border: none;\"><\/iframe>`;\r\n    dummy.select();\r\n    document.execCommand(\"copy\");\r\n    document.body.removeChild(dummy);\r\n\r\n    alert(\"Embed code copied.\");\r\n    \r\n  }\r\n    \r\n<\/script>\t\t\t\t<\/div>\n\t\t\t\t<\/div>\n\t\t\t\t\t<\/div>\n\t\t<\/div>\n\t\t\t\t\t<\/div>\n\t\t<\/section>\n\t\t\t\t<\/div>\n\t\t","protected":false},"excerpt":{"rendered":"<p>\/*! elementor &#8211; v3.23.0 &#8211; 15-07-2024 *\/ .elementor-heading-title{padding:0;margin:0;line-height:1}.elementor-widget-heading .elementor-heading-title[class*=elementor-size-]&gt;a{color:inherit;font-size:inherit;line-height:inherit}.elementor-widget-heading .elementor-heading-title.elementor-size-small{font-size:15px}.elementor-widget-heading .elementor-heading-title.elementor-size-medium{font-size:19px}.elementor-widget-heading .elementor-heading-title.elementor-size-large{font-size:29px}.elementor-widget-heading .elementor-heading-title.elementor-size-xl{font-size:39px}.elementor-widget-heading .elementor-heading-title.elementor-size-xxl{font-size:59px} Trouvez le Poste de Vos r\u00eaves Avec INS Global Nos services de recrutement sont constamment \u00e0 la recherche de nouveaux talents pour r\u00e9pondre aux besoins de nos clients dans les secteurs du F&amp;B (Food and Beverage), de l&rsquo;ing\u00e9nierie, de la communication, [&hellip;]<\/p>\n","protected":false},"author":1,"featured_media":0,"parent":0,"menu_order":0,"comment_status":"closed","ping_status":"closed","template":"elementor_header_footer","meta":{"_acf_changed":false,"footnotes":""},"class_list":["post-10961","page","type-page","status-publish","hentry"],"acf":[],"_links":{"self":[{"href":"https:\/\/ins-wpprod.com\/fr\/wp-json\/wp\/v2\/pages\/10961","targetHints":{"allow":["GET"]}}],"collection":[{"href":"https:\/\/ins-wpprod.com\/fr\/wp-json\/wp\/v2\/pages"}],"about":[{"href":"https:\/\/ins-wpprod.com\/fr\/wp-json\/wp\/v2\/types\/page"}],"author":[{"embeddable":true,"href":"https:\/\/ins-wpprod.com\/fr\/wp-json\/wp\/v2\/users\/1"}],"replies":[{"embeddable":true,"href":"https:\/\/ins-wpprod.com\/fr\/wp-json\/wp\/v2\/comments?post=10961"}],"version-history":[{"count":0,"href":"https:\/\/ins-wpprod.com\/fr\/wp-json\/wp\/v2\/pages\/10961\/revisions"}],"wp:attachment":[{"href":"https:\/\/ins-wpprod.com\/fr\/wp-json\/wp\/v2\/media?parent=10961"}],"curies":[{"name":"wp","href":"https:\/\/api.w.org\/{rel}","templated":true}]}}